{"id":10313,"date":"2023-11-21T11:01:08","date_gmt":"2023-11-21T10:01:08","guid":{"rendered":"https:\/\/shopandsail.fr\/?post_type=product&#038;p=10313"},"modified":"2026-03-10T15:43:25","modified_gmt":"2026-03-10T14:43:25","slug":"rutgerson-spring-stand-up","status":"publish","type":"product","link":"https:\/\/shopandsail.com\/en\/shop\/fittings-en\/rutgerson-spring-stand-up\/","title":{"rendered":"Rutgerson Spring Stand-up"},"content":{"rendered":"<p>Optimise your sailing with the Rutgerson Spring Stand-up. This nautical equipment is essential for your catamaran or sailboat. On the one hand, it <strong>holds your block<\/strong> in place while allowing it to tilt according to the tension of the <a href=\"\/?product_cat=cordage\">ropes<\/a> on it. Secondly, the spring <strong>prevents the block from hitting the deck<\/strong>, which could damage your equipment.<\/p>\n<p>For diameters 50 and 60 mm, the base will be made of <strong>stainless steel.<\/strong> For diameters of 80 and 100 mm, the base is made of <strong>anodised aluminium.<\/strong><\/p>\n<p>Note that this equipment can also be used with any <strong>type of pulley,<\/strong> as long as it has a diameter approximately similar to those of these Rutgerson models.<\/p>\n<p><strong>Technical specifications of the trigger guard with spring for Rutgerson Spring Stand-up :<\/strong><\/p>\n<ul>\n<li>Materials: Stainless steel (50 &#8211; 60 mm) or anodised aluminium (80 &#8211; 100 mm)<\/li>\n<\/ul>\n\n<table id=\"tablepress-48\" class=\"tablepress tablepress-id-48\">\n<thead>\n<tr class=\"row-1\">\n\t<th class=\"column-1\">Mod\u00e8le<\/th><th class=\"column-2\">Diam\u00e8tre de la poulie (mm)<\/th><th class=\"column-3\">Charge de travail recommand\u00e9e (kg)<\/th><th class=\"column-4\">Diam\u00e8tre de la base (mm)<\/th><th class=\"column-5\">Poids (g)<\/th>\n<\/tr>\n<\/thead>\n<tbody class=\"row-striping row-hover\">\n<tr class=\"row-2\">\n\t<td class=\"column-1\">B300543<\/td><td class=\"column-2\">50<\/td><td class=\"column-3\">1265<\/td><td class=\"column-4\">50<\/td><td class=\"column-5\">127<\/td>\n<\/tr>\n<tr class=\"row-3\">\n\t<td class=\"column-1\">B300643<\/td><td class=\"column-2\">60<\/td><td class=\"column-3\">1265<\/td><td class=\"column-4\">50<\/td><td class=\"column-5\">127<\/td>\n<\/tr>\n<tr class=\"row-4\">\n\t<td class=\"column-1\">B400843<\/td><td class=\"column-2\">80<\/td><td class=\"column-3\">3850<\/td><td class=\"column-4\">75<\/td><td class=\"column-5\">215<\/td>\n<\/tr>\n<tr class=\"row-5\">\n\t<td class=\"column-1\">B401043<\/td><td class=\"column-2\">100<\/td><td class=\"column-3\">3850<\/td><td class=\"column-4\">75<\/td><td class=\"column-5\">273<\/td>\n<\/tr>\n<\/tbody>\n<\/table>\n<!-- #tablepress-48 from cache -->\n","protected":false},"excerpt":{"rendered":"<p>Rutgerson&#8217;s spring Stand-Up blocks gives you greater <strong>flexibility<\/strong> when manoeuvring your boat. It prevents the block from hitting the deck while allowing it to bend according to the tension. <strong>Several models<\/strong> are available to suit your needs. The base is made of <strong>stainless steel<\/strong> (for diameters 50 and 60 mm) or <strong>anodised aluminium<\/strong> (for diameters 80 and 100 mm).<\/p>\n","protected":false},"featured_media":3984,"template":"","meta":{"_acf_changed":false,"_kad_blocks_custom_css":"","_kad_blocks_head_custom_js":"","_kad_blocks_body_custom_js":"","_kad_blocks_footer_custom_js":"","_kad_post_transparent":"default","_kad_post_title":"","_kad_post_layout":"default","_kad_post_sidebar_id":"","_kad_post_content_style":"default","_kad_post_vertical_padding":"default","_kad_post_feature":"","_kad_post_feature_position":"","_kad_post_header":false,"_kad_post_footer":false,"_kad_post_classname":""},"monocoques":[],"multicoques":[],"stock":[],"product_brand":[],"product_cat":[297,1209,1222],"product_tag":[],"product_brands":[1513],"class_list":{"0":"post-10313","1":"product","2":"type-product","3":"status-publish","4":"has-post-thumbnail","6":"product_cat-fittings-en","7":"product_cat-blocks","8":"product_cat-plain-bearing-blocks-en","9":"pa_diametre-o-50-mm-en","10":"pa_diametre-o-60-mm-en","11":"pa_diametre-o-80-mm-en","12":"pa_diametre-o-100-mm-en","13":"product_brands-rutgerson-en","15":"first","16":"instock","17":"taxable","18":"shipping-taxable","19":"purchasable","20":"product-type-variable","21":"entry","22":"content-bg","23":"loop-entry"},"bundled_by":[],"bundle_stock_status":"instock","bundle_stock_quantity":10,"bundle_virtual":false,"bundle_layout":"","bundle_add_to_cart_form_location":"","bundle_editable_in_cart":false,"bundle_sold_individually_context":"","bundle_item_grouping":"","bundle_min_size":"","bundle_max_size":"","bundle_price":[],"bundled_items":[],"bundle_sell_ids":[],"acf":[],"yoast_head":"<!-- This site is optimized with the Yoast SEO plugin v26.5 - https:\/\/yoast.com\/wordpress\/plugins\/seo\/ -->\n<title>Rutgerson Spring Stand-up - Shop and Sail<\/title>\n<meta name=\"description\" content=\"Shop and Sail offers the Rutgerson spring stand up. An ideal piece of nautical equipment for holding your blocks.\" \/>\n<meta name=\"robots\" content=\"index, follow, max-snippet:-1, max-image-preview:large, max-video-preview:-1\" \/>\n<link rel=\"canonical\" href=\"https:\/\/shopandsail.com\/en\/shop\/fittings-en\/rutgerson-spring-stand-up\/\" \/>\n<meta property=\"og:locale\" content=\"en_US\" \/>\n<meta property=\"og:type\" content=\"article\" \/>\n<meta property=\"og:title\" content=\"Rutgerson Spring Stand-up - Shop and Sail\" \/>\n<meta property=\"og:description\" content=\"Shop and Sail offers the Rutgerson spring stand up. An ideal piece of nautical equipment for holding your blocks.\" \/>\n<meta property=\"og:url\" content=\"https:\/\/shopandsail.com\/en\/shop\/fittings-en\/rutgerson-spring-stand-up\/\" \/>\n<meta property=\"og:site_name\" content=\"Shop and Sail\" \/>\n<meta property=\"article:modified_time\" content=\"2026-03-10T14:43:25+00:00\" \/>\n<meta property=\"og:image\" content=\"https:\/\/shopandsail.com\/wp-content\/uploads\/2023\/11\/Pontet-avec-ressort-pour-poulie-Stand-Up-Rutgerson.png\" \/>\n\t<meta property=\"og:image:width\" content=\"600\" \/>\n\t<meta property=\"og:image:height\" content=\"600\" \/>\n\t<meta property=\"og:image:type\" content=\"image\/png\" \/>\n<meta name=\"twitter:card\" content=\"summary_large_image\" \/>\n<meta name=\"twitter:label1\" content=\"Est. reading time\" \/>\n\t<meta name=\"twitter:data1\" content=\"1 minute\" \/>\n<script type=\"application\/ld+json\" class=\"yoast-schema-graph\">{\"@context\":\"https:\/\/schema.org\",\"@graph\":[{\"@type\":\"WebPage\",\"@id\":\"https:\/\/shopandsail.com\/en\/shop\/fittings-en\/rutgerson-spring-stand-up\/\",\"url\":\"https:\/\/shopandsail.com\/en\/shop\/fittings-en\/rutgerson-spring-stand-up\/\",\"name\":\"Rutgerson Spring Stand-up - Shop and Sail\",\"isPartOf\":{\"@id\":\"https:\/\/shopandsail.com\/#website\"},\"primaryImageOfPage\":{\"@id\":\"https:\/\/shopandsail.com\/en\/shop\/fittings-en\/rutgerson-spring-stand-up\/#primaryimage\"},\"image\":{\"@id\":\"https:\/\/shopandsail.com\/en\/shop\/fittings-en\/rutgerson-spring-stand-up\/#primaryimage\"},\"thumbnailUrl\":\"https:\/\/shopandsail.com\/wp-content\/uploads\/2023\/11\/Pontet-avec-ressort-pour-poulie-Stand-Up-Rutgerson.png\",\"datePublished\":\"2023-11-21T10:01:08+00:00\",\"dateModified\":\"2026-03-10T14:43:25+00:00\",\"description\":\"Shop and Sail offers the Rutgerson spring stand up. An ideal piece of nautical equipment for holding your blocks.\",\"breadcrumb\":{\"@id\":\"https:\/\/shopandsail.com\/en\/shop\/fittings-en\/rutgerson-spring-stand-up\/#breadcrumb\"},\"inLanguage\":\"en-US\",\"potentialAction\":[{\"@type\":\"ReadAction\",\"target\":[\"https:\/\/shopandsail.com\/en\/shop\/fittings-en\/rutgerson-spring-stand-up\/\"]}]},{\"@type\":\"ImageObject\",\"inLanguage\":\"en-US\",\"@id\":\"https:\/\/shopandsail.com\/en\/shop\/fittings-en\/rutgerson-spring-stand-up\/#primaryimage\",\"url\":\"https:\/\/shopandsail.com\/wp-content\/uploads\/2023\/11\/Pontet-avec-ressort-pour-poulie-Stand-Up-Rutgerson.png\",\"contentUrl\":\"https:\/\/shopandsail.com\/wp-content\/uploads\/2023\/11\/Pontet-avec-ressort-pour-poulie-Stand-Up-Rutgerson.png\",\"width\":600,\"height\":600,\"caption\":\"Pontet avec ressort pour poulie Stand-Up Rutgerson\"},{\"@type\":\"BreadcrumbList\",\"@id\":\"https:\/\/shopandsail.com\/en\/shop\/fittings-en\/rutgerson-spring-stand-up\/#breadcrumb\",\"itemListElement\":[{\"@type\":\"ListItem\",\"position\":1,\"name\":\"Accueil\",\"item\":\"https:\/\/shopandsail.com\/en\/\"},{\"@type\":\"ListItem\",\"position\":2,\"name\":\"Shop\",\"item\":\"https:\/\/shopandsail.com\/en\/shop\/\"},{\"@type\":\"ListItem\",\"position\":3,\"name\":\"Rutgerson Spring Stand-up\"}]},{\"@type\":\"WebSite\",\"@id\":\"https:\/\/shopandsail.com\/#website\",\"url\":\"https:\/\/shopandsail.com\/\",\"name\":\"Shop and Sail\",\"description\":\"Specialists in tailor-made spare parts and equipment for your boat.\",\"publisher\":{\"@id\":\"https:\/\/shopandsail.com\/#organization\"},\"potentialAction\":[{\"@type\":\"SearchAction\",\"target\":{\"@type\":\"EntryPoint\",\"urlTemplate\":\"https:\/\/shopandsail.com\/?s={search_term_string}\"},\"query-input\":{\"@type\":\"PropertyValueSpecification\",\"valueRequired\":true,\"valueName\":\"search_term_string\"}}],\"inLanguage\":\"en-US\"},{\"@type\":\"Organization\",\"@id\":\"https:\/\/shopandsail.com\/#organization\",\"name\":\"Shop and Sail\",\"url\":\"https:\/\/shopandsail.com\/\",\"logo\":{\"@type\":\"ImageObject\",\"inLanguage\":\"en-US\",\"@id\":\"https:\/\/shopandsail.com\/#\/schema\/logo\/image\/\",\"url\":\"https:\/\/shopandsail.com\/wp-content\/uploads\/2024\/11\/cropped-Logo_SnS_Horizontal_color_RVB.png\",\"contentUrl\":\"https:\/\/shopandsail.com\/wp-content\/uploads\/2024\/11\/cropped-Logo_SnS_Horizontal_color_RVB.png\",\"width\":643,\"height\":162,\"caption\":\"Shop and Sail\"},\"image\":{\"@id\":\"https:\/\/shopandsail.com\/#\/schema\/logo\/image\/\"}}]}<\/script>\n<!-- \/ Yoast SEO plugin. -->","yoast_head_json":{"title":"Rutgerson Spring Stand-up - Shop and Sail","description":"Shop and Sail offers the Rutgerson spring stand up. An ideal piece of nautical equipment for holding your blocks.","robots":{"index":"index","follow":"follow","max-snippet":"max-snippet:-1","max-image-preview":"max-image-preview:large","max-video-preview":"max-video-preview:-1"},"canonical":"https:\/\/shopandsail.com\/en\/shop\/fittings-en\/rutgerson-spring-stand-up\/","og_locale":"en_US","og_type":"article","og_title":"Rutgerson Spring Stand-up - Shop and Sail","og_description":"Shop and Sail offers the Rutgerson spring stand up. An ideal piece of nautical equipment for holding your blocks.","og_url":"https:\/\/shopandsail.com\/en\/shop\/fittings-en\/rutgerson-spring-stand-up\/","og_site_name":"Shop and Sail","article_modified_time":"2026-03-10T14:43:25+00:00","og_image":[{"width":600,"height":600,"url":"https:\/\/shopandsail.com\/wp-content\/uploads\/2023\/11\/Pontet-avec-ressort-pour-poulie-Stand-Up-Rutgerson.png","type":"image\/png"}],"twitter_card":"summary_large_image","twitter_misc":{"Est. reading time":"1 minute"},"schema":{"@context":"https:\/\/schema.org","@graph":[{"@type":"WebPage","@id":"https:\/\/shopandsail.com\/en\/shop\/fittings-en\/rutgerson-spring-stand-up\/","url":"https:\/\/shopandsail.com\/en\/shop\/fittings-en\/rutgerson-spring-stand-up\/","name":"Rutgerson Spring Stand-up - Shop and Sail","isPartOf":{"@id":"https:\/\/shopandsail.com\/#website"},"primaryImageOfPage":{"@id":"https:\/\/shopandsail.com\/en\/shop\/fittings-en\/rutgerson-spring-stand-up\/#primaryimage"},"image":{"@id":"https:\/\/shopandsail.com\/en\/shop\/fittings-en\/rutgerson-spring-stand-up\/#primaryimage"},"thumbnailUrl":"https:\/\/shopandsail.com\/wp-content\/uploads\/2023\/11\/Pontet-avec-ressort-pour-poulie-Stand-Up-Rutgerson.png","datePublished":"2023-11-21T10:01:08+00:00","dateModified":"2026-03-10T14:43:25+00:00","description":"Shop and Sail offers the Rutgerson spring stand up. An ideal piece of nautical equipment for holding your blocks.","breadcrumb":{"@id":"https:\/\/shopandsail.com\/en\/shop\/fittings-en\/rutgerson-spring-stand-up\/#breadcrumb"},"inLanguage":"en-US","potentialAction":[{"@type":"ReadAction","target":["https:\/\/shopandsail.com\/en\/shop\/fittings-en\/rutgerson-spring-stand-up\/"]}]},{"@type":"ImageObject","inLanguage":"en-US","@id":"https:\/\/shopandsail.com\/en\/shop\/fittings-en\/rutgerson-spring-stand-up\/#primaryimage","url":"https:\/\/shopandsail.com\/wp-content\/uploads\/2023\/11\/Pontet-avec-ressort-pour-poulie-Stand-Up-Rutgerson.png","contentUrl":"https:\/\/shopandsail.com\/wp-content\/uploads\/2023\/11\/Pontet-avec-ressort-pour-poulie-Stand-Up-Rutgerson.png","width":600,"height":600,"caption":"Pontet avec ressort pour poulie Stand-Up Rutgerson"},{"@type":"BreadcrumbList","@id":"https:\/\/shopandsail.com\/en\/shop\/fittings-en\/rutgerson-spring-stand-up\/#breadcrumb","itemListElement":[{"@type":"ListItem","position":1,"name":"Accueil","item":"https:\/\/shopandsail.com\/en\/"},{"@type":"ListItem","position":2,"name":"Shop","item":"https:\/\/shopandsail.com\/en\/shop\/"},{"@type":"ListItem","position":3,"name":"Rutgerson Spring Stand-up"}]},{"@type":"WebSite","@id":"https:\/\/shopandsail.com\/#website","url":"https:\/\/shopandsail.com\/","name":"Shop and Sail","description":"Specialists in tailor-made spare parts and equipment for your boat.","publisher":{"@id":"https:\/\/shopandsail.com\/#organization"},"potentialAction":[{"@type":"SearchAction","target":{"@type":"EntryPoint","urlTemplate":"https:\/\/shopandsail.com\/?s={search_term_string}"},"query-input":{"@type":"PropertyValueSpecification","valueRequired":true,"valueName":"search_term_string"}}],"inLanguage":"en-US"},{"@type":"Organization","@id":"https:\/\/shopandsail.com\/#organization","name":"Shop and Sail","url":"https:\/\/shopandsail.com\/","logo":{"@type":"ImageObject","inLanguage":"en-US","@id":"https:\/\/shopandsail.com\/#\/schema\/logo\/image\/","url":"https:\/\/shopandsail.com\/wp-content\/uploads\/2024\/11\/cropped-Logo_SnS_Horizontal_color_RVB.png","contentUrl":"https:\/\/shopandsail.com\/wp-content\/uploads\/2024\/11\/cropped-Logo_SnS_Horizontal_color_RVB.png","width":643,"height":162,"caption":"Shop and Sail"},"image":{"@id":"https:\/\/shopandsail.com\/#\/schema\/logo\/image\/"}}]}},"df_price":58.37,"df_sale_price":"","df_regular_price":58.37,"df_image_link":"https:\/\/shopandsail.com\/wp-content\/uploads\/2023\/11\/Pontet-avec-ressort-pour-poulie-Stand-Up-Rutgerson.png","taxonomy_info":{"product_cat":[{"value":297,"label":"Fittings"},{"value":1209,"label":"Blocks"},{"value":1222,"label":"Plain bearing blocks"}],"pa_diametre":[{"value":848,"label":"\u00f8 50 mm"},{"value":850,"label":"\u00f8 60 mm"},{"value":851,"label":"\u00f8 80 mm"},{"value":852,"label":"\u00f8 100 mm"}],"product_brands":[{"value":1513,"label":"Rutgerson"}]},"featured_image_src_large":["https:\/\/shopandsail.com\/wp-content\/uploads\/2023\/11\/Pontet-avec-ressort-pour-poulie-Stand-Up-Rutgerson.png",600,600,false],"author_info":[],"comment_info":"","_links":{"self":[{"href":"https:\/\/shopandsail.com\/en\/wp-json\/wp\/v2\/product\/10313","targetHints":{"allow":["GET"]}}],"collection":[{"href":"https:\/\/shopandsail.com\/en\/wp-json\/wp\/v2\/product"}],"about":[{"href":"https:\/\/shopandsail.com\/en\/wp-json\/wp\/v2\/types\/product"}],"wp:featuredmedia":[{"embeddable":true,"href":"https:\/\/shopandsail.com\/en\/wp-json\/wp\/v2\/media\/3984"}],"wp:attachment":[{"href":"https:\/\/shopandsail.com\/en\/wp-json\/wp\/v2\/media?parent=10313"}],"wp:term":[{"taxonomy":"monocoques","embeddable":true,"href":"https:\/\/shopandsail.com\/en\/wp-json\/wp\/v2\/monocoques?post=10313"},{"taxonomy":"multicoques","embeddable":true,"href":"https:\/\/shopandsail.com\/en\/wp-json\/wp\/v2\/multicoques?post=10313"},{"taxonomy":"stock","embeddable":true,"href":"https:\/\/shopandsail.com\/en\/wp-json\/wp\/v2\/stock?post=10313"},{"taxonomy":"product_brand","embeddable":true,"href":"https:\/\/shopandsail.com\/en\/wp-json\/wp\/v2\/product_brand?post=10313"},{"taxonomy":"product_cat","embeddable":true,"href":"https:\/\/shopandsail.com\/en\/wp-json\/wp\/v2\/product_cat?post=10313"},{"taxonomy":"product_tag","embeddable":true,"href":"https:\/\/shopandsail.com\/en\/wp-json\/wp\/v2\/product_tag?post=10313"},{"taxonomy":"product_brands","embeddable":true,"href":"https:\/\/shopandsail.com\/en\/wp-json\/wp\/v2\/product_brands?post=10313"}],"curies":[{"name":"wp","href":"https:\/\/api.w.org\/{rel}","templated":true}]}}