{"id":10247,"date":"2023-11-14T12:33:09","date_gmt":"2023-11-14T11:33:09","guid":{"rendered":"https:\/\/shopandsail.fr\/?post_type=product&#038;p=10247"},"modified":"2026-03-10T15:40:37","modified_gmt":"2026-03-10T14:40:37","slug":"rutgerson-raw-block-single","status":"publish","type":"product","link":"https:\/\/shopandsail.com\/en\/shop\/fittings-en\/rutgerson-raw-block-single\/","title":{"rendered":"Rutgerson RAW Block single"},"content":{"rendered":"<p>The Rutgerson RAW block single is essential for managing ropes in the marine environment.<\/p>\n<p>Thanks to its <strong>360-degree swivel<\/strong>, this block offers greater flexibility during sailing manoeuvres. Whether you&#8217;re trimming sails, manoeuvring sheets or carrying out other operations, the Rutgerson block adapts to allow you to <a href=\"\/?product_cat=instrument-de-navigation\">sail<\/a> safely.<\/p>\n<p><strong>Technical specifications of the Rutgerson RAW Block single :<\/strong><\/p>\n<ul>\n<li>Materials: Composite<\/li>\n<\/ul>\n\n<table id=\"tablepress-25\" class=\"tablepress tablepress-id-25\">\n<thead>\n<tr class=\"row-1\">\n\t<th class=\"column-1\">Mod\u00e8le<\/th><th class=\"column-2\">Diam\u00e8tre poulie (mm) A<\/th><th class=\"column-3\">Longueur (mm) B<\/th><th class=\"column-4\">Manille (mm) C<\/th><th class=\"column-5\">Charge de travail recommand\u00e9e (kg)<\/th><th class=\"column-6\">Charge de rupture (kg)<\/th><th class=\"column-7\">Diam\u00e8tre du cordage (mm)<\/th><th class=\"column-8\">Poids (g)<\/th>\n<\/tr>\n<\/thead>\n<tbody class=\"row-striping row-hover\">\n<tr class=\"row-2\">\n\t<td class=\"column-1\">B300301B<\/td><td class=\"column-2\">35<\/td><td class=\"column-3\">55<\/td><td class=\"column-4\">4<\/td><td class=\"column-5\">450<\/td><td class=\"column-6\">850<\/td><td class=\"column-7\">3 - 8<\/td><td class=\"column-8\">20<\/td>\n<\/tr>\n<tr class=\"row-3\">\n\t<td class=\"column-1\">B300501B<\/td><td class=\"column-2\">50<\/td><td class=\"column-3\">80<\/td><td class=\"column-4\">5<\/td><td class=\"column-5\">700<\/td><td class=\"column-6\">1250<\/td><td class=\"column-7\">4 - 12<\/td><td class=\"column-8\">115<\/td>\n<\/tr>\n<tr class=\"row-4\">\n\t<td class=\"column-1\">B300601B<\/td><td class=\"column-2\">60<\/td><td class=\"column-3\">94<\/td><td class=\"column-4\">6<\/td><td class=\"column-5\">1150<\/td><td class=\"column-6\">2100<\/td><td class=\"column-7\">6 - 14<\/td><td class=\"column-8\">205<\/td>\n<\/tr>\n<tr class=\"row-5\">\n\t<td class=\"column-1\">B300801B<\/td><td class=\"column-2\">80<\/td><td class=\"column-3\">130<\/td><td class=\"column-4\">10<\/td><td class=\"column-5\">2000<\/td><td class=\"column-6\">3600<\/td><td class=\"column-7\">10-16<\/td><td class=\"column-8\">557<\/td>\n<\/tr>\n<\/tbody>\n<\/table>\n\n","protected":false},"excerpt":{"rendered":"<p>The Rutgerson RAW Block single is designed to manage the ropes on your catamaran or sailing boat. Thanks to its <strong>360-degree<\/strong> rotation, it offers greater <strong>flexibility<\/strong>. Working load from <strong>450 to 2000 kg<\/strong> depending on the model chosen.<\/p>\n","protected":false},"featured_media":3624,"template":"","meta":{"_acf_changed":false,"_kad_blocks_custom_css":"","_kad_blocks_head_custom_js":"","_kad_blocks_body_custom_js":"","_kad_blocks_footer_custom_js":"","_kad_post_transparent":"default","_kad_post_title":"","_kad_post_layout":"default","_kad_post_sidebar_id":"","_kad_post_content_style":"default","_kad_post_vertical_padding":"default","_kad_post_feature":"","_kad_post_feature_position":"","_kad_post_header":false,"_kad_post_footer":false,"_kad_post_classname":""},"monocoques":[],"multicoques":[],"stock":[],"product_brand":[],"product_cat":[297,1209,1222],"product_tag":[],"product_brands":[1513],"class_list":{"0":"post-10247","1":"product","2":"type-product","3":"status-publish","4":"has-post-thumbnail","6":"product_cat-fittings-en","7":"product_cat-blocks","8":"product_cat-plain-bearing-blocks-en","9":"pa_diametre-o-3-8-mm-en","10":"pa_diametre-o-4-12-mm-en","11":"pa_diametre-o-6-14-mm-en","12":"pa_diametre-o-10-16-mm-en","13":"product_brands-rutgerson-en","15":"first","16":"instock","17":"taxable","18":"shipping-taxable","19":"purchasable","20":"product-type-variable","21":"entry","22":"content-bg","23":"loop-entry"},"bundled_by":[],"bundle_stock_status":"instock","bundle_stock_quantity":20,"bundle_virtual":false,"bundle_layout":"","bundle_add_to_cart_form_location":"","bundle_editable_in_cart":false,"bundle_sold_individually_context":"","bundle_item_grouping":"","bundle_min_size":"","bundle_max_size":"","bundle_price":[],"bundled_items":[],"bundle_sell_ids":[],"acf":[],"yoast_head":"<!-- This site is optimized with the Yoast SEO plugin v26.5 - https:\/\/yoast.com\/wordpress\/plugins\/seo\/ -->\n<title>Rutgerson RAW Block single - Shop and Sail<\/title>\n<meta name=\"description\" content=\"Discover the Rutgerson RAW Block single on Shop and Sail. The ideal equipment for perfect control of your rope and great flexibility.\" \/>\n<meta name=\"robots\" content=\"index, follow, max-snippet:-1, max-image-preview:large, max-video-preview:-1\" \/>\n<link rel=\"canonical\" href=\"https:\/\/shopandsail.com\/en\/shop\/fittings-en\/rutgerson-raw-block-single\/\" \/>\n<meta property=\"og:locale\" content=\"en_US\" \/>\n<meta property=\"og:type\" content=\"article\" \/>\n<meta property=\"og:title\" content=\"Rutgerson RAW Block single - Shop and Sail\" \/>\n<meta property=\"og:description\" content=\"Discover the Rutgerson RAW Block single on Shop and Sail. The ideal equipment for perfect control of your rope and great flexibility.\" \/>\n<meta property=\"og:url\" content=\"https:\/\/shopandsail.com\/en\/shop\/fittings-en\/rutgerson-raw-block-single\/\" \/>\n<meta property=\"og:site_name\" content=\"Shop and Sail\" \/>\n<meta property=\"article:modified_time\" content=\"2026-03-10T14:40:37+00:00\" \/>\n<meta property=\"og:image\" content=\"https:\/\/shopandsail.com\/wp-content\/uploads\/2023\/11\/Poulie-simple-a-emerillon-Rutgerson.png\" \/>\n\t<meta property=\"og:image:width\" content=\"600\" \/>\n\t<meta property=\"og:image:height\" content=\"600\" \/>\n\t<meta property=\"og:image:type\" content=\"image\/png\" \/>\n<meta name=\"twitter:card\" content=\"summary_large_image\" \/>\n<meta name=\"twitter:label1\" content=\"Est. reading time\" \/>\n\t<meta name=\"twitter:data1\" content=\"1 minute\" \/>\n<script type=\"application\/ld+json\" class=\"yoast-schema-graph\">{\"@context\":\"https:\/\/schema.org\",\"@graph\":[{\"@type\":\"WebPage\",\"@id\":\"https:\/\/shopandsail.com\/en\/shop\/fittings-en\/rutgerson-raw-block-single\/\",\"url\":\"https:\/\/shopandsail.com\/en\/shop\/fittings-en\/rutgerson-raw-block-single\/\",\"name\":\"Rutgerson RAW Block single - Shop and Sail\",\"isPartOf\":{\"@id\":\"https:\/\/shopandsail.com\/#website\"},\"primaryImageOfPage\":{\"@id\":\"https:\/\/shopandsail.com\/en\/shop\/fittings-en\/rutgerson-raw-block-single\/#primaryimage\"},\"image\":{\"@id\":\"https:\/\/shopandsail.com\/en\/shop\/fittings-en\/rutgerson-raw-block-single\/#primaryimage\"},\"thumbnailUrl\":\"https:\/\/shopandsail.com\/wp-content\/uploads\/2023\/11\/Poulie-simple-a-emerillon-Rutgerson.png\",\"datePublished\":\"2023-11-14T11:33:09+00:00\",\"dateModified\":\"2026-03-10T14:40:37+00:00\",\"description\":\"Discover the Rutgerson RAW Block single on Shop and Sail. The ideal equipment for perfect control of your rope and great flexibility.\",\"breadcrumb\":{\"@id\":\"https:\/\/shopandsail.com\/en\/shop\/fittings-en\/rutgerson-raw-block-single\/#breadcrumb\"},\"inLanguage\":\"en-US\",\"potentialAction\":[{\"@type\":\"ReadAction\",\"target\":[\"https:\/\/shopandsail.com\/en\/shop\/fittings-en\/rutgerson-raw-block-single\/\"]}]},{\"@type\":\"ImageObject\",\"inLanguage\":\"en-US\",\"@id\":\"https:\/\/shopandsail.com\/en\/shop\/fittings-en\/rutgerson-raw-block-single\/#primaryimage\",\"url\":\"https:\/\/shopandsail.com\/wp-content\/uploads\/2023\/11\/Poulie-simple-a-emerillon-Rutgerson.png\",\"contentUrl\":\"https:\/\/shopandsail.com\/wp-content\/uploads\/2023\/11\/Poulie-simple-a-emerillon-Rutgerson.png\",\"width\":600,\"height\":600,\"caption\":\"Poulie simple \u00e0 \u00e9merillon Rutgerson\"},{\"@type\":\"BreadcrumbList\",\"@id\":\"https:\/\/shopandsail.com\/en\/shop\/fittings-en\/rutgerson-raw-block-single\/#breadcrumb\",\"itemListElement\":[{\"@type\":\"ListItem\",\"position\":1,\"name\":\"Accueil\",\"item\":\"https:\/\/shopandsail.com\/en\/\"},{\"@type\":\"ListItem\",\"position\":2,\"name\":\"Shop\",\"item\":\"https:\/\/shopandsail.com\/en\/shop\/\"},{\"@type\":\"ListItem\",\"position\":3,\"name\":\"Rutgerson RAW Block single\"}]},{\"@type\":\"WebSite\",\"@id\":\"https:\/\/shopandsail.com\/#website\",\"url\":\"https:\/\/shopandsail.com\/\",\"name\":\"Shop and Sail\",\"description\":\"Specialists in tailor-made spare parts and equipment for your boat.\",\"publisher\":{\"@id\":\"https:\/\/shopandsail.com\/#organization\"},\"potentialAction\":[{\"@type\":\"SearchAction\",\"target\":{\"@type\":\"EntryPoint\",\"urlTemplate\":\"https:\/\/shopandsail.com\/?s={search_term_string}\"},\"query-input\":{\"@type\":\"PropertyValueSpecification\",\"valueRequired\":true,\"valueName\":\"search_term_string\"}}],\"inLanguage\":\"en-US\"},{\"@type\":\"Organization\",\"@id\":\"https:\/\/shopandsail.com\/#organization\",\"name\":\"Shop and Sail\",\"url\":\"https:\/\/shopandsail.com\/\",\"logo\":{\"@type\":\"ImageObject\",\"inLanguage\":\"en-US\",\"@id\":\"https:\/\/shopandsail.com\/#\/schema\/logo\/image\/\",\"url\":\"https:\/\/shopandsail.com\/wp-content\/uploads\/2024\/11\/cropped-Logo_SnS_Horizontal_color_RVB.png\",\"contentUrl\":\"https:\/\/shopandsail.com\/wp-content\/uploads\/2024\/11\/cropped-Logo_SnS_Horizontal_color_RVB.png\",\"width\":643,\"height\":162,\"caption\":\"Shop and Sail\"},\"image\":{\"@id\":\"https:\/\/shopandsail.com\/#\/schema\/logo\/image\/\"}}]}<\/script>\n<!-- \/ Yoast SEO plugin. -->","yoast_head_json":{"title":"Rutgerson RAW Block single - Shop and Sail","description":"Discover the Rutgerson RAW Block single on Shop and Sail. The ideal equipment for perfect control of your rope and great flexibility.","robots":{"index":"index","follow":"follow","max-snippet":"max-snippet:-1","max-image-preview":"max-image-preview:large","max-video-preview":"max-video-preview:-1"},"canonical":"https:\/\/shopandsail.com\/en\/shop\/fittings-en\/rutgerson-raw-block-single\/","og_locale":"en_US","og_type":"article","og_title":"Rutgerson RAW Block single - Shop and Sail","og_description":"Discover the Rutgerson RAW Block single on Shop and Sail. The ideal equipment for perfect control of your rope and great flexibility.","og_url":"https:\/\/shopandsail.com\/en\/shop\/fittings-en\/rutgerson-raw-block-single\/","og_site_name":"Shop and Sail","article_modified_time":"2026-03-10T14:40:37+00:00","og_image":[{"width":600,"height":600,"url":"https:\/\/shopandsail.com\/wp-content\/uploads\/2023\/11\/Poulie-simple-a-emerillon-Rutgerson.png","type":"image\/png"}],"twitter_card":"summary_large_image","twitter_misc":{"Est. reading time":"1 minute"},"schema":{"@context":"https:\/\/schema.org","@graph":[{"@type":"WebPage","@id":"https:\/\/shopandsail.com\/en\/shop\/fittings-en\/rutgerson-raw-block-single\/","url":"https:\/\/shopandsail.com\/en\/shop\/fittings-en\/rutgerson-raw-block-single\/","name":"Rutgerson RAW Block single - Shop and Sail","isPartOf":{"@id":"https:\/\/shopandsail.com\/#website"},"primaryImageOfPage":{"@id":"https:\/\/shopandsail.com\/en\/shop\/fittings-en\/rutgerson-raw-block-single\/#primaryimage"},"image":{"@id":"https:\/\/shopandsail.com\/en\/shop\/fittings-en\/rutgerson-raw-block-single\/#primaryimage"},"thumbnailUrl":"https:\/\/shopandsail.com\/wp-content\/uploads\/2023\/11\/Poulie-simple-a-emerillon-Rutgerson.png","datePublished":"2023-11-14T11:33:09+00:00","dateModified":"2026-03-10T14:40:37+00:00","description":"Discover the Rutgerson RAW Block single on Shop and Sail. The ideal equipment for perfect control of your rope and great flexibility.","breadcrumb":{"@id":"https:\/\/shopandsail.com\/en\/shop\/fittings-en\/rutgerson-raw-block-single\/#breadcrumb"},"inLanguage":"en-US","potentialAction":[{"@type":"ReadAction","target":["https:\/\/shopandsail.com\/en\/shop\/fittings-en\/rutgerson-raw-block-single\/"]}]},{"@type":"ImageObject","inLanguage":"en-US","@id":"https:\/\/shopandsail.com\/en\/shop\/fittings-en\/rutgerson-raw-block-single\/#primaryimage","url":"https:\/\/shopandsail.com\/wp-content\/uploads\/2023\/11\/Poulie-simple-a-emerillon-Rutgerson.png","contentUrl":"https:\/\/shopandsail.com\/wp-content\/uploads\/2023\/11\/Poulie-simple-a-emerillon-Rutgerson.png","width":600,"height":600,"caption":"Poulie simple \u00e0 \u00e9merillon Rutgerson"},{"@type":"BreadcrumbList","@id":"https:\/\/shopandsail.com\/en\/shop\/fittings-en\/rutgerson-raw-block-single\/#breadcrumb","itemListElement":[{"@type":"ListItem","position":1,"name":"Accueil","item":"https:\/\/shopandsail.com\/en\/"},{"@type":"ListItem","position":2,"name":"Shop","item":"https:\/\/shopandsail.com\/en\/shop\/"},{"@type":"ListItem","position":3,"name":"Rutgerson RAW Block single"}]},{"@type":"WebSite","@id":"https:\/\/shopandsail.com\/#website","url":"https:\/\/shopandsail.com\/","name":"Shop and Sail","description":"Specialists in tailor-made spare parts and equipment for your boat.","publisher":{"@id":"https:\/\/shopandsail.com\/#organization"},"potentialAction":[{"@type":"SearchAction","target":{"@type":"EntryPoint","urlTemplate":"https:\/\/shopandsail.com\/?s={search_term_string}"},"query-input":{"@type":"PropertyValueSpecification","valueRequired":true,"valueName":"search_term_string"}}],"inLanguage":"en-US"},{"@type":"Organization","@id":"https:\/\/shopandsail.com\/#organization","name":"Shop and Sail","url":"https:\/\/shopandsail.com\/","logo":{"@type":"ImageObject","inLanguage":"en-US","@id":"https:\/\/shopandsail.com\/#\/schema\/logo\/image\/","url":"https:\/\/shopandsail.com\/wp-content\/uploads\/2024\/11\/cropped-Logo_SnS_Horizontal_color_RVB.png","contentUrl":"https:\/\/shopandsail.com\/wp-content\/uploads\/2024\/11\/cropped-Logo_SnS_Horizontal_color_RVB.png","width":643,"height":162,"caption":"Shop and Sail"},"image":{"@id":"https:\/\/shopandsail.com\/#\/schema\/logo\/image\/"}}]}},"df_price":27.07,"df_sale_price":"","df_regular_price":27.07,"df_image_link":"https:\/\/shopandsail.com\/wp-content\/uploads\/2023\/11\/Poulie-simple-a-emerillon-Rutgerson.png","taxonomy_info":{"product_cat":[{"value":297,"label":"Fittings"},{"value":1209,"label":"Blocks"},{"value":1222,"label":"Plain bearing blocks"}],"pa_diametre":[{"value":813,"label":"\u00f8 3 - 8 mm"},{"value":816,"label":"\u00f8 4 - 12 mm"},{"value":821,"label":"\u00f8 6 - 14 mm"},{"value":829,"label":"\u00f8 10 - 16 mm"}],"product_brands":[{"value":1513,"label":"Rutgerson"}]},"featured_image_src_large":["https:\/\/shopandsail.com\/wp-content\/uploads\/2023\/11\/Poulie-simple-a-emerillon-Rutgerson.png",600,600,false],"author_info":[],"comment_info":"","_links":{"self":[{"href":"https:\/\/shopandsail.com\/en\/wp-json\/wp\/v2\/product\/10247","targetHints":{"allow":["GET"]}}],"collection":[{"href":"https:\/\/shopandsail.com\/en\/wp-json\/wp\/v2\/product"}],"about":[{"href":"https:\/\/shopandsail.com\/en\/wp-json\/wp\/v2\/types\/product"}],"wp:featuredmedia":[{"embeddable":true,"href":"https:\/\/shopandsail.com\/en\/wp-json\/wp\/v2\/media\/3624"}],"wp:attachment":[{"href":"https:\/\/shopandsail.com\/en\/wp-json\/wp\/v2\/media?parent=10247"}],"wp:term":[{"taxonomy":"monocoques","embeddable":true,"href":"https:\/\/shopandsail.com\/en\/wp-json\/wp\/v2\/monocoques?post=10247"},{"taxonomy":"multicoques","embeddable":true,"href":"https:\/\/shopandsail.com\/en\/wp-json\/wp\/v2\/multicoques?post=10247"},{"taxonomy":"stock","embeddable":true,"href":"https:\/\/shopandsail.com\/en\/wp-json\/wp\/v2\/stock?post=10247"},{"taxonomy":"product_brand","embeddable":true,"href":"https:\/\/shopandsail.com\/en\/wp-json\/wp\/v2\/product_brand?post=10247"},{"taxonomy":"product_cat","embeddable":true,"href":"https:\/\/shopandsail.com\/en\/wp-json\/wp\/v2\/product_cat?post=10247"},{"taxonomy":"product_tag","embeddable":true,"href":"https:\/\/shopandsail.com\/en\/wp-json\/wp\/v2\/product_tag?post=10247"},{"taxonomy":"product_brands","embeddable":true,"href":"https:\/\/shopandsail.com\/en\/wp-json\/wp\/v2\/product_brands?post=10247"}],"curies":[{"name":"wp","href":"https:\/\/api.w.org\/{rel}","templated":true}]}}